{"id":25,"date":"2023-05-18T15:47:21","date_gmt":"2023-05-18T15:47:21","guid":{"rendered":"https:\/\/m-puls-hamburg.de\/?page_id=25"},"modified":"2023-06-18T16:20:44","modified_gmt":"2023-06-18T16:20:44","slug":"sven-meier","status":"publish","type":"page","link":"https:\/\/m-puls-hamburg.de\/?page_id=25","title":{"rendered":"SVEN MEIER"},"content":{"rendered":"\t\t<div data-elementor-type=\"wp-page\" data-elementor-id=\"25\" class=\"elementor elementor-25\">\n\t\t\t\t<div class=\"elementor-element elementor-element-a5b2e42 e-flex e-con-boxed e-con e-parent\" data-id=\"a5b2e42\" data-element_type=\"container\">\n\t\t\t\t\t<div class=\"e-con-inner\">\n\t\t\t\t<div class=\"elementor-element elementor-element-3350ea3 elementor-widget elementor-widget-text-editor\" data-id=\"3350ea3\" data-element_type=\"widget\" data-widget_type=\"text-editor.default\">\n\t\t\t\t<div class=\"elementor-widget-container\">\n\t\t\t<style>\/*! elementor - v3.23.0 - 05-08-2024 *\/\n.elementor-widget-text-editor.elementor-drop-cap-view-stacked .elementor-drop-cap{background-color:#69727d;color:#fff}.elementor-widget-text-editor.elementor-drop-cap-view-framed .elementor-drop-cap{color:#69727d;border:3px solid;background-color:transparent}.elementor-widget-text-editor:not(.elementor-drop-cap-view-default) .elementor-drop-cap{margin-top:8px}.elementor-widget-text-editor:not(.elementor-drop-cap-view-default) .elementor-drop-cap-letter{width:1em;height:1em}.elementor-widget-text-editor .elementor-drop-cap{float:left;text-align:center;line-height:1;font-size:50px}.elementor-widget-text-editor .elementor-drop-cap-letter{display:inline-block}<\/style>\t\t\t\t<p>SVEN MEIER<\/p>\t\t\t\t\t\t<\/div>\n\t\t\t\t<\/div>\n\t\t\t\t\t<\/div>\n\t\t\t\t<\/div>\n\t\t<div class=\"elementor-element elementor-element-6cdc220 e-flex e-con-boxed e-con e-parent\" data-id=\"6cdc220\" data-element_type=\"container\">\n\t\t\t\t\t<div class=\"e-con-inner\">\n\t\t<div class=\"elementor-element elementor-element-d84a838 e-con-full e-flex e-con e-parent\" data-id=\"d84a838\" data-element_type=\"container\">\n\t\t\t\t<div class=\"elementor-element elementor-element-4b626fe elementor-widget elementor-widget-image\" data-id=\"4b626fe\" data-element_type=\"widget\" data-widget_type=\"image.default\">\n\t\t\t\t<div class=\"elementor-widget-container\">\n\t\t\t<style>\/*! elementor - v3.23.0 - 05-08-2024 *\/\n.elementor-widget-image{text-align:center}.elementor-widget-image a{display:inline-block}.elementor-widget-image a img[src$=\".svg\"]{width:48px}.elementor-widget-image img{vertical-align:middle;display:inline-block}<\/style>\t\t\t\t\t\t\t\t\t\t<img fetchpriority=\"high\" decoding=\"async\" width=\"683\" height=\"1024\" src=\"https:\/\/m-puls-hamburg.de\/wp-content\/uploads\/2023\/05\/Business-1-1-683x1024.jpg\" class=\"attachment-large size-large wp-image-17\" alt=\"\" srcset=\"https:\/\/m-puls-hamburg.de\/wp-content\/uploads\/2023\/05\/Business-1-1-683x1024.jpg 683w, https:\/\/m-puls-hamburg.de\/wp-content\/uploads\/2023\/05\/Business-1-1-200x300.jpg 200w, https:\/\/m-puls-hamburg.de\/wp-content\/uploads\/2023\/05\/Business-1-1-768x1152.jpg 768w, https:\/\/m-puls-hamburg.de\/wp-content\/uploads\/2023\/05\/Business-1-1.jpg 800w\" sizes=\"(max-width: 683px) 100vw, 683px\" \/>\t\t\t\t\t\t\t\t\t\t\t\t\t<\/div>\n\t\t\t\t<\/div>\n\t\t\t\t<\/div>\n\t\t<div class=\"elementor-element elementor-element-9166844 e-con-full e-flex e-con e-parent\" data-id=\"9166844\" data-element_type=\"container\">\n\t\t\t\t<div class=\"elementor-element elementor-element-0d20a6a elementor-widget elementor-widget-text-editor\" data-id=\"0d20a6a\" data-element_type=\"widget\" data-widget_type=\"text-editor.default\">\n\t\t\t\t<div class=\"elementor-widget-container\">\n\t\t\t\t\t\t\t<p class=\"p1\">Selbstst\u00e4ndiger Berater und Trainer mit den Schwerpunkten F\u00fchrung und Vertrieb. T\u00e4tig bin ich branchenunabh\u00e4ngig, \u00fcberwiegend im Mittelstand.<\/p><p class=\"p1\">Ich greife zur\u00fcck auf \u00fcber 35 Jahre Erfahrung im Bereich Beratung, Training und Coaching.<\/p><p class=\"p1\">Einige Eckpunkte meiner Aus- und Weiterbildung sind<\/p><ul class=\"ul1\"><li class=\"li1\">mehrstufige Trainerausbildung<\/li><li class=\"li1\">Supervisionen in verschiedenen Trainings- und Coachingmodulen<\/li><li class=\"li1\">Systemische Coach-Ausbildung<\/li><li class=\"li1\">Verschiedenste Weiterentwicklungen zur eigenen Pers\u00f6nlichkeit mit Modulen auf in erster Linie transaktionsanalytischer Basis<\/li><\/ul><p class=\"p1\">Ehrenamtlich bereite ich angehende Abiturienten auf deren berufliche Ausrichtung und die damit verbundene Ausbildungs- oder Studienwahl vor und begleite Menschen in pers\u00f6nlichen Krisensituationen, denen die finanziellen Mittel zur Beauftragung von mir fehlen.<\/p><p class=\"p1\">Meine Kunden sind sich einig:<\/p><p class=\"p1\"><span style=\"color: var( --e-global-color-text );\">Ich sorge immer daf\u00fcr, dass Menschen sich in Bewegung setzen und ihre Komfortzone im positiven Sinne verschieben. Meine Kunden sagen immer: Mich kann man nicht beschreiben, sondern man muss mich erleben.<\/span><\/p>\t\t\t\t\t\t<\/div>\n\t\t\t\t<\/div>\n\t\t\t\t<\/div>\n\t\t\t\t\t<\/div>\n\t\t\t\t<\/div>\n\t\t\t\t<\/div>\n\t\t","protected":false},"excerpt":{"rendered":"<p>SVEN MEIER Selbstst\u00e4ndiger Berater und Trainer mit den Schwerpunkten F\u00fchrung und Vertrieb. T\u00e4tig bin ich branchenunabh\u00e4ngig, \u00fcberwiegend im Mittelstand. Ich greife zur\u00fcck auf \u00fcber 35 Jahre Erfahrung im Bereich Beratung, Training und Coaching. Einige Eckpunkte meiner Aus- und Weiterbildung sind mehrstufige Trainerausbildung Supervisionen in verschiedenen Trainings- und Coachingmodulen Systemische Coach-Ausbildung Verschiedenste Weiterentwicklungen zur eigenen Pers\u00f6nlichkeit [&hellip;]<\/p>\n","protected":false},"author":1,"featured_media":18,"parent":0,"menu_order":0,"comment_status":"closed","ping_status":"closed","template":"","meta":[],"_links":{"self":[{"href":"https:\/\/m-puls-hamburg.de\/index.php?rest_route=\/wp\/v2\/pages\/25"}],"collection":[{"href":"https:\/\/m-puls-hamburg.de\/index.php?rest_route=\/wp\/v2\/pages"}],"about":[{"href":"https:\/\/m-puls-hamburg.de\/index.php?rest_route=\/wp\/v2\/types\/page"}],"author":[{"embeddable":true,"href":"https:\/\/m-puls-hamburg.de\/index.php?rest_route=\/wp\/v2\/users\/1"}],"replies":[{"embeddable":true,"href":"https:\/\/m-puls-hamburg.de\/index.php?rest_route=%2Fwp%2Fv2%2Fcomments&post=25"}],"version-history":[{"count":46,"href":"https:\/\/m-puls-hamburg.de\/index.php?rest_route=\/wp\/v2\/pages\/25\/revisions"}],"predecessor-version":[{"id":427,"href":"https:\/\/m-puls-hamburg.de\/index.php?rest_route=\/wp\/v2\/pages\/25\/revisions\/427"}],"wp:featuredmedia":[{"embeddable":true,"href":"https:\/\/m-puls-hamburg.de\/index.php?rest_route=\/wp\/v2\/media\/18"}],"wp:attachment":[{"href":"https:\/\/m-puls-hamburg.de\/index.php?rest_route=%2Fwp%2Fv2%2Fmedia&parent=25"}],"curies":[{"name":"wp","href":"https:\/\/api.w.org\/{rel}","templated":true}]}}