{"id":2,"date":"2023-05-17T18:45:40","date_gmt":"2023-05-17T18:45:40","guid":{"rendered":"https:\/\/m-puls-hamburg.de\/?page_id=2"},"modified":"2023-06-18T16:26:54","modified_gmt":"2023-06-18T16:26:54","slug":"sample-page","status":"publish","type":"page","link":"https:\/\/m-puls-hamburg.de\/?page_id=2","title":{"rendered":"ANGEBOT"},"content":{"rendered":"\t\t<div data-elementor-type=\"wp-page\" data-elementor-id=\"2\" class=\"elementor elementor-2\">\n\t\t\t\t<div class=\"elementor-element elementor-element-279f1b2 e-flex e-con-boxed e-con e-parent\" data-id=\"279f1b2\" data-element_type=\"container\">\n\t\t\t\t\t<div class=\"e-con-inner\">\n\t\t\t\t<div class=\"elementor-element elementor-element-5f1f59f elementor-widget elementor-widget-text-editor\" data-id=\"5f1f59f\" data-element_type=\"widget\" data-widget_type=\"text-editor.default\">\n\t\t\t\t<div class=\"elementor-widget-container\">\n\t\t\t<style>\/*! elementor - v3.23.0 - 05-08-2024 *\/\n.elementor-widget-text-editor.elementor-drop-cap-view-stacked .elementor-drop-cap{background-color:#69727d;color:#fff}.elementor-widget-text-editor.elementor-drop-cap-view-framed .elementor-drop-cap{color:#69727d;border:3px solid;background-color:transparent}.elementor-widget-text-editor:not(.elementor-drop-cap-view-default) .elementor-drop-cap{margin-top:8px}.elementor-widget-text-editor:not(.elementor-drop-cap-view-default) .elementor-drop-cap-letter{width:1em;height:1em}.elementor-widget-text-editor .elementor-drop-cap{float:left;text-align:center;line-height:1;font-size:50px}.elementor-widget-text-editor .elementor-drop-cap-letter{display:inline-block}<\/style>\t\t\t\t<p>ANGEBOT<\/p>\t\t\t\t\t\t<\/div>\n\t\t\t\t<\/div>\n\t\t\t\t\t<\/div>\n\t\t\t\t<\/div>\n\t\t<div class=\"elementor-element elementor-element-635c667 e-flex e-con-boxed e-con e-parent\" data-id=\"635c667\" data-element_type=\"container\">\n\t\t\t\t\t<div class=\"e-con-inner\">\n\t\t<div class=\"elementor-element elementor-element-97d1151 e-con-full e-flex e-con e-parent\" data-id=\"97d1151\" data-element_type=\"container\">\n\t\t\t\t<div class=\"elementor-element elementor-element-4187736 elementor-widget elementor-widget-image\" data-id=\"4187736\" data-element_type=\"widget\" data-widget_type=\"image.default\">\n\t\t\t\t<div class=\"elementor-widget-container\">\n\t\t\t<style>\/*! elementor - v3.23.0 - 05-08-2024 *\/\n.elementor-widget-image{text-align:center}.elementor-widget-image a{display:inline-block}.elementor-widget-image a img[src$=\".svg\"]{width:48px}.elementor-widget-image img{vertical-align:middle;display:inline-block}<\/style>\t\t\t\t\t\t\t\t\t\t<img fetchpriority=\"high\" decoding=\"async\" width=\"436\" height=\"272\" src=\"https:\/\/m-puls-hamburg.de\/wp-content\/uploads\/2023\/06\/FF327331-E2F7-4E62-82E1-F992EC217F13-436x272.jpeg\" class=\"attachment-vantage-grid-loop size-vantage-grid-loop wp-image-388\" alt=\"\" \/>\t\t\t\t\t\t\t\t\t\t\t\t\t<\/div>\n\t\t\t\t<\/div>\n\t\t\t\t<\/div>\n\t\t<div class=\"elementor-element elementor-element-fa249e1 e-con-full e-flex e-con e-parent\" data-id=\"fa249e1\" data-element_type=\"container\">\n\t\t\t\t<div class=\"elementor-element elementor-element-553f31e elementor-widget elementor-widget-text-editor\" data-id=\"553f31e\" data-element_type=\"widget\" data-widget_type=\"text-editor.default\">\n\t\t\t\t<div class=\"elementor-widget-container\">\n\t\t\t\t\t\t\t<p class=\"p1\">\u00a0 \u00a0 \u00a0 \u00a0<b>Vertrieb<\/b><\/p><ul><li>Entwicklungs- und Optimierungsprozesse<\/li><li>Trainings- und Themenworkshops<\/li><li>VertriebsCoach- und Supporter-Ausbildung<\/li><li>Fragetechnik statt Argumentation<\/li><li>Coaching<\/li><li>Bedarfsorientierter und ganzheitlicher Verkauf &#8211; produktunabh\u00e4ngig<\/li><\/ul>\t\t\t\t\t\t<\/div>\n\t\t\t\t<\/div>\n\t\t\t\t<\/div>\n\t\t\t\t\t<\/div>\n\t\t\t\t<\/div>\n\t\t<div class=\"elementor-element elementor-element-c129f8b e-flex e-con-boxed e-con e-parent\" data-id=\"c129f8b\" data-element_type=\"container\">\n\t\t\t\t\t<div class=\"e-con-inner\">\n\t\t<div class=\"elementor-element elementor-element-8a28522 e-con-full e-flex e-con e-parent\" data-id=\"8a28522\" data-element_type=\"container\">\n\t\t\t\t<div class=\"elementor-element elementor-element-fbcfc00 elementor-widget elementor-widget-text-editor\" data-id=\"fbcfc00\" data-element_type=\"widget\" data-widget_type=\"text-editor.default\">\n\t\t\t\t<div class=\"elementor-widget-container\">\n\t\t\t\t\t\t\t<p class=\"p1\"><b>Teams<\/b><\/p><ul class=\"ul1\"><li class=\"li1\">Agile Teamentwicklung von VertriebsTeams\u00a0<\/li><li class=\"li1\">Konfliktmanagement<\/li><li class=\"li1\">Organisation<\/li><li class=\"li1\">F\u00fchrung<\/li><li class=\"li1\">Selbstorganisation und Selbststeuerung<\/li><\/ul>\t\t\t\t\t\t<\/div>\n\t\t\t\t<\/div>\n\t\t\t\t<\/div>\n\t\t<div class=\"elementor-element elementor-element-34d432f e-con-full e-flex e-con e-parent\" data-id=\"34d432f\" data-element_type=\"container\">\n\t\t\t\t<div class=\"elementor-element elementor-element-7d7dcf1 elementor-widget elementor-widget-image\" data-id=\"7d7dcf1\" data-element_type=\"widget\" data-widget_type=\"image.default\">\n\t\t\t\t<div class=\"elementor-widget-container\">\n\t\t\t\t\t\t\t\t\t\t\t\t\t<img decoding=\"async\" width=\"720\" height=\"480\" src=\"https:\/\/m-puls-hamburg.de\/wp-content\/uploads\/2023\/05\/F6AD9044-750E-4939-A3DA-1EAB597B4157-1024x683.jpeg\" class=\"attachment-large size-large wp-image-199\" alt=\"\" srcset=\"https:\/\/m-puls-hamburg.de\/wp-content\/uploads\/2023\/05\/F6AD9044-750E-4939-A3DA-1EAB597B4157-1024x683.jpeg 1024w, https:\/\/m-puls-hamburg.de\/wp-content\/uploads\/2023\/05\/F6AD9044-750E-4939-A3DA-1EAB597B4157-300x200.jpeg 300w, https:\/\/m-puls-hamburg.de\/wp-content\/uploads\/2023\/05\/F6AD9044-750E-4939-A3DA-1EAB597B4157-768x512.jpeg 768w, https:\/\/m-puls-hamburg.de\/wp-content\/uploads\/2023\/05\/F6AD9044-750E-4939-A3DA-1EAB597B4157-1536x1024.jpeg 1536w, https:\/\/m-puls-hamburg.de\/wp-content\/uploads\/2023\/05\/F6AD9044-750E-4939-A3DA-1EAB597B4157-2048x1365.jpeg 2048w, https:\/\/m-puls-hamburg.de\/wp-content\/uploads\/2023\/05\/F6AD9044-750E-4939-A3DA-1EAB597B4157-272x182.jpeg 272w\" sizes=\"(max-width: 720px) 100vw, 720px\" \/>\t\t\t\t\t\t\t\t\t\t\t\t\t<\/div>\n\t\t\t\t<\/div>\n\t\t\t\t<\/div>\n\t\t\t\t\t<\/div>\n\t\t\t\t<\/div>\n\t\t<div class=\"elementor-element elementor-element-f99126f e-flex e-con-boxed e-con e-parent\" data-id=\"f99126f\" data-element_type=\"container\">\n\t\t\t\t\t<div class=\"e-con-inner\">\n\t\t<div class=\"elementor-element elementor-element-fb4f51a e-con-full e-flex e-con e-parent\" data-id=\"fb4f51a\" data-element_type=\"container\">\n\t\t\t\t<div class=\"elementor-element elementor-element-3ce25b3 elementor-widget elementor-widget-image\" data-id=\"3ce25b3\" data-element_type=\"widget\" data-widget_type=\"image.default\">\n\t\t\t\t<div class=\"elementor-widget-container\">\n\t\t\t\t\t\t\t\t\t\t\t\t\t<img decoding=\"async\" width=\"720\" height=\"480\" src=\"https:\/\/m-puls-hamburg.de\/wp-content\/uploads\/2023\/05\/539932AA-D2D3-4898-81D7-80DDBA797572-1024x683.jpeg\" class=\"attachment-large size-large wp-image-198\" alt=\"\" srcset=\"https:\/\/m-puls-hamburg.de\/wp-content\/uploads\/2023\/05\/539932AA-D2D3-4898-81D7-80DDBA797572-1024x683.jpeg 1024w, https:\/\/m-puls-hamburg.de\/wp-content\/uploads\/2023\/05\/539932AA-D2D3-4898-81D7-80DDBA797572-300x200.jpeg 300w, https:\/\/m-puls-hamburg.de\/wp-content\/uploads\/2023\/05\/539932AA-D2D3-4898-81D7-80DDBA797572-768x512.jpeg 768w, https:\/\/m-puls-hamburg.de\/wp-content\/uploads\/2023\/05\/539932AA-D2D3-4898-81D7-80DDBA797572-1536x1024.jpeg 1536w, https:\/\/m-puls-hamburg.de\/wp-content\/uploads\/2023\/05\/539932AA-D2D3-4898-81D7-80DDBA797572-2048x1365.jpeg 2048w, https:\/\/m-puls-hamburg.de\/wp-content\/uploads\/2023\/05\/539932AA-D2D3-4898-81D7-80DDBA797572-272x182.jpeg 272w\" sizes=\"(max-width: 720px) 100vw, 720px\" \/>\t\t\t\t\t\t\t\t\t\t\t\t\t<\/div>\n\t\t\t\t<\/div>\n\t\t\t\t<\/div>\n\t\t<div class=\"elementor-element elementor-element-538bf6a e-con-full e-flex e-con e-parent\" data-id=\"538bf6a\" data-element_type=\"container\">\n\t\t\t\t<div class=\"elementor-element elementor-element-11d2fad elementor-widget elementor-widget-text-editor\" data-id=\"11d2fad\" data-element_type=\"widget\" data-widget_type=\"text-editor.default\">\n\t\t\t\t<div class=\"elementor-widget-container\">\n\t\t\t\t\t\t\t<p><b>F\u00fchrungskr\u00e4fte<\/b><\/p><ul class=\"ul2\"><li class=\"li1\">Agile Unterst\u00fctzung in Ver\u00e4nderungsentwicklungen<\/li><li class=\"li1\">F\u00fchrungsnachwuchsprogramme<\/li><li class=\"li1\">F\u00fchrungskr\u00e4fte Weiterentwicklung \/ Kompetenzentwicklung durch Potenzial- und Bedarfsanalysen<\/li><li class=\"li1\">Trainings &#8211; zielgruppen- und themenbezogen<\/li><li class=\"li1\">Coaching und Praxisbegleitung &#8211; Supervisionen<\/li><li class=\"li1\">Coach-Ausbildung<\/li><\/ul>\t\t\t\t\t\t<\/div>\n\t\t\t\t<\/div>\n\t\t\t\t<\/div>\n\t\t\t\t\t<\/div>\n\t\t\t\t<\/div>\n\t\t<div class=\"elementor-element elementor-element-fbe1190 e-flex e-con-boxed e-con e-parent\" data-id=\"fbe1190\" data-element_type=\"container\">\n\t\t\t\t\t<div class=\"e-con-inner\">\n\t\t<div class=\"elementor-element elementor-element-0aadd16 e-con-full e-flex e-con e-parent\" data-id=\"0aadd16\" data-element_type=\"container\">\n\t\t\t\t<div class=\"elementor-element elementor-element-434e6b6 elementor-widget elementor-widget-text-editor\" data-id=\"434e6b6\" data-element_type=\"widget\" data-widget_type=\"text-editor.default\">\n\t\t\t\t<div class=\"elementor-widget-container\">\n\t\t\t\t\t\t\t<p class=\"p1\"><b>Unternehmen<\/b><\/p>\n<ul class=\"ul1\">\n<li class=\"li1\">Prozessentwicklung und -begleitung<\/li>\n<li class=\"li1\">Agile Begleitung in Ver\u00e4nderungsprozessen incl. Generationswechsel<\/li>\n<li class=\"li1\">Strukturentwicklung und -optimierung<\/li>\n<li class=\"li1\">Existenzgr\u00fcndungsbegleitung<\/li>\n<\/ul>\t\t\t\t\t\t<\/div>\n\t\t\t\t<\/div>\n\t\t\t\t<\/div>\n\t\t<div class=\"elementor-element elementor-element-3e900f9 e-con-full e-flex e-con e-parent\" data-id=\"3e900f9\" data-element_type=\"container\">\n\t\t\t\t<div class=\"elementor-element elementor-element-e1e0194 elementor-widget elementor-widget-image\" data-id=\"e1e0194\" data-element_type=\"widget\" data-widget_type=\"image.default\">\n\t\t\t\t<div class=\"elementor-widget-container\">\n\t\t\t\t\t\t\t\t\t\t\t\t\t<img loading=\"lazy\" decoding=\"async\" width=\"720\" height=\"480\" src=\"https:\/\/m-puls-hamburg.de\/wp-content\/uploads\/2023\/05\/CD228E65-8228-43B0-A8FB-01E3C0CF6D75-1024x683.jpeg\" class=\"attachment-large size-large wp-image-197\" alt=\"\" srcset=\"https:\/\/m-puls-hamburg.de\/wp-content\/uploads\/2023\/05\/CD228E65-8228-43B0-A8FB-01E3C0CF6D75-1024x683.jpeg 1024w, https:\/\/m-puls-hamburg.de\/wp-content\/uploads\/2023\/05\/CD228E65-8228-43B0-A8FB-01E3C0CF6D75-300x200.jpeg 300w, https:\/\/m-puls-hamburg.de\/wp-content\/uploads\/2023\/05\/CD228E65-8228-43B0-A8FB-01E3C0CF6D75-768x512.jpeg 768w, https:\/\/m-puls-hamburg.de\/wp-content\/uploads\/2023\/05\/CD228E65-8228-43B0-A8FB-01E3C0CF6D75-1536x1024.jpeg 1536w, https:\/\/m-puls-hamburg.de\/wp-content\/uploads\/2023\/05\/CD228E65-8228-43B0-A8FB-01E3C0CF6D75-2048x1365.jpeg 2048w, https:\/\/m-puls-hamburg.de\/wp-content\/uploads\/2023\/05\/CD228E65-8228-43B0-A8FB-01E3C0CF6D75-272x182.jpeg 272w\" sizes=\"(max-width: 720px) 100vw, 720px\" \/>\t\t\t\t\t\t\t\t\t\t\t\t\t<\/div>\n\t\t\t\t<\/div>\n\t\t\t\t<\/div>\n\t\t\t\t\t<\/div>\n\t\t\t\t<\/div>\n\t\t\t\t<\/div>\n\t\t","protected":false},"excerpt":{"rendered":"<p>ANGEBOT \u00a0 \u00a0 \u00a0 \u00a0Vertrieb Entwicklungs- und Optimierungsprozesse Trainings- und Themenworkshops VertriebsCoach- und Supporter-Ausbildung Fragetechnik statt Argumentation Coaching Bedarfsorientierter und ganzheitlicher Verkauf &#8211; produktunabh\u00e4ngig Teams Agile Teamentwicklung von VertriebsTeams\u00a0 Konfliktmanagement Organisation F\u00fchrung Selbstorganisation und Selbststeuerung F\u00fchrungskr\u00e4fte Agile Unterst\u00fctzung in Ver\u00e4nderungsentwicklungen F\u00fchrungsnachwuchsprogramme F\u00fchrungskr\u00e4fte Weiterentwicklung \/ Kompetenzentwicklung durch Potenzial- und Bedarfsanalysen Trainings &#8211; zielgruppen- und themenbezogen Coaching [&hellip;]<\/p>\n","protected":false},"author":1,"featured_media":0,"parent":0,"menu_order":0,"comment_status":"closed","ping_status":"open","template":"","meta":[],"_links":{"self":[{"href":"https:\/\/m-puls-hamburg.de\/index.php?rest_route=\/wp\/v2\/pages\/2"}],"collection":[{"href":"https:\/\/m-puls-hamburg.de\/index.php?rest_route=\/wp\/v2\/pages"}],"about":[{"href":"https:\/\/m-puls-hamburg.de\/index.php?rest_route=\/wp\/v2\/types\/page"}],"author":[{"embeddable":true,"href":"https:\/\/m-puls-hamburg.de\/index.php?rest_route=\/wp\/v2\/users\/1"}],"replies":[{"embeddable":true,"href":"https:\/\/m-puls-hamburg.de\/index.php?rest_route=%2Fwp%2Fv2%2Fcomments&post=2"}],"version-history":[{"count":55,"href":"https:\/\/m-puls-hamburg.de\/index.php?rest_route=\/wp\/v2\/pages\/2\/revisions"}],"predecessor-version":[{"id":433,"href":"https:\/\/m-puls-hamburg.de\/index.php?rest_route=\/wp\/v2\/pages\/2\/revisions\/433"}],"wp:attachment":[{"href":"https:\/\/m-puls-hamburg.de\/index.php?rest_route=%2Fwp%2Fv2%2Fmedia&parent=2"}],"curies":[{"name":"wp","href":"https:\/\/api.w.org\/{rel}","templated":true}]}}